{"id":319,"date":"2022-04-22T12:37:42","date_gmt":"2022-04-22T12:37:42","guid":{"rendered":"http:\/\/www.egurrewall.com\/pribatutasun-politika\/"},"modified":"2025-10-27T10:52:07","modified_gmt":"2025-10-27T10:52:07","slug":"pribatutasun-politika","status":"publish","type":"page","link":"https:\/\/www.egurrewall.com\/eu\/pribatutasun-politika\/","title":{"rendered":"Pribatutasun-politika"},"content":{"rendered":"<div class=\"et_pb_section_0 et_pb_section et_section_regular et_block_section\"><div class=\"et_pb_row_0 et_pb_row et_block_row\"><div class=\"et_pb_column_0 et_pb_column et_pb_column_4_4 et-last-child et_block_column et_pb_css_mix_blend_mode_passthrough\"><div class=\"et_pb_text_0 et_pb_text et_pb_bg_layout_light et_pb_module et_flex_module\"><div class=\"et_pb_text_inner\"><p style=\"text-align: justify;\"><strong>Pol\u00edtica de Privacidad \u2013 Protecci\u00f3n de datos Personales<\/strong><\/p>\n<p style=\"text-align: justify;\"><strong>Introducci\u00f3n<\/strong><\/p>\n<p style=\"text-align: justify;\">En cumplimiento de la normativa vigente sobre Protecci\u00f3n de Datos Personales, con especial referencia al Reglamento UE 2016\/679 del Parlamento Europeo y del Consejo de 27 de abril de 2016 relativo a la protecci\u00f3n de las personas f\u00edsicas en lo que respecta al tratamiento de datos personales y a la libre circulaci\u00f3n de estos datos (\u201cRGPD\u201d) y a la Ley Org\u00e1nica 3\/2018, de 5 de diciembre, de Protecci\u00f3n de Datos Personales y garant\u00eda de los derechos digitales (\u201cLOPDP\u201d), se informa a las personas usuarias que los datos personales que faciliten mediante correo electr\u00f3nico, enviados a trav\u00e9s de formularios, \u00e1reas privadas, o por cualquier otro medio ubicado en este sitio web ser\u00e1n incorporados a sistemas de tratamiento de datos de Hydraulic JM, S.L., Responsable del Tratamiento (CIF: B75143974), con la finalidad de atender a las consultas y solicitudes recibidas, contactar con usted, gestionar los servicios solicitados, las relaciones profesionales y comerciales y las funciones e intereses leg\u00edtimos propios de su actividad, as\u00ed como para el env\u00edo de los boletines y noticias a los que se haya podido suscribir y para el env\u00edo de futuras comunicaciones profesionales y comerciales que pudieran ser de su inter\u00e9s.<\/p>\n<p style=\"text-align: justify;\">La aceptaci\u00f3n de estas condiciones conlleva necesariamente la autorizaci\u00f3n expresa para los tratamientos de datos descritos, pudiendo ser conservados sin limitaci\u00f3n en el tiempo para las finalidades descritas en esta Pol\u00edtica de Privacidad, a no ser que usted indique lo contrario.<\/p>\n<p style=\"text-align: justify;\">Las bases jur\u00eddicas de los tratamientos de datos descritos son, en los t\u00e9rminos establecidos por la normativa sobre protecci\u00f3n de datos, su consentimiento para el tratamiento de los datos, la necesidad del tratamiento de sus datos para la ejecuci\u00f3n de los servicios solicitados por usted, el cumplimiento de obligaciones legales por parte del Responsable del Tratamiento, y\/o el inter\u00e9s leg\u00edtimo del Responsable del Tratamiento, por ejemplo, a efectos de enviarle comunicaciones profesionales, comerciales (\u201cmercadotecnia directa\u201d) o informativas.<\/p>\n<p style=\"text-align: justify;\">El tratamiento de sus datos personales se realizar\u00e1 de manera confidencial. Hydraulic JM, S.L. est\u00e1 comprometida con la privacidad y la protecci\u00f3n de los datos personales de los usuarios y utiliza sus recursos para garantizar la seguridad y privacidad de los interesados.<\/p>\n<p style=\"text-align: justify;\"><strong>Recogida de datos personales<\/strong><\/p>\n<p style=\"text-align: justify;\">El acceso a este sitio web no implica la obligaci\u00f3n de facilitar datos personales. No obstante, algunos de los servicios ofrecidos, como los apartados de contacto, requieren que el usuario facilite una serie de datos personales. El usuario aporta sus datos personales de forma libre y voluntaria, se compromete a aportar datos veraces, exactos y completos, tanto en el momento inicial como en posteriores comunicaciones, y se hace responsable de comunicar cualquier modificaci\u00f3n en los mismos. El usuario es el \u00fanico responsable de la veracidad y correcci\u00f3n de los datos incluidos, exonerando a Hydraulic JM, S.L. de cualquier responsabilidad al respecto.<\/p>\n<p style=\"text-align: justify;\">El Responsable del Tratamiento recoger\u00e1 los datos personales de manera adecuada, pertinente seg\u00fan las finalidades, utilidades, servicios y\/o prestaciones incluidas en su web, de forma expl\u00edcita y leg\u00edtima, por lo que en ning\u00fan caso se emplear\u00e1n medios fraudulentos, desleales, il\u00edcitos o que en alguna forma pongan en peligro los leg\u00edtimos derechos de los usuarios. El Responsable del Tratamiento no solicita m\u00e1s informaci\u00f3n personal que la que es necesaria para recibir los servicios e informaciones solicitadas.<\/p>\n<p style=\"text-align: justify;\">La no cumplimentaci\u00f3n o cumplimentaci\u00f3n err\u00f3nea de campos indicados como obligatorios, que aparecen en los formularios de contacto u otros, podr\u00e1 tener como consecuencia que el Responsable del Tratamiento no pueda atender la solicitud del usuario.<\/p>\n<p style=\"text-align: justify;\">El uso de este sitio web, el env\u00edo de informaci\u00f3n a trav\u00e9s del mismo y la cumplimentaci\u00f3n de los datos solicitados en los diferentes apartados del sitio web implica la aceptaci\u00f3n de sus condiciones generales, pol\u00edtica de privacidad y pol\u00edtica de cookies e implica el consentimiento expreso y la autorizaci\u00f3n a Hydraulic JM, S.L. para el env\u00edo de comunicaciones informativas y comerciales, por correo ordinario y\/o medios electr\u00f3nicos, sobre productos y servicios relacionados con las actividades de Hydraulic JM, S.L.<\/p>\n<p style=\"text-align: justify;\">El destinatario de estas comunicaciones podr\u00e1 revocar en cualquier momento este consentimiento notific\u00e1ndolo al Responsable del Tratamiento. Los usuarios podr\u00e1n solicitar la baja de dichos env\u00edos dirigiendo una solicitud a la direcci\u00f3n de correo electr\u00f3nico egurreholds@gmail.com o utilizando cualquier otro medio que Hydraulic JM, S.L. facilite a tal efecto, como por ejemplo el mecanismo denominado \u201cDarse de baja\u201d, ubicado en la parte final de los propios boletines informativos y comerciales.<\/p>\n<p style=\"text-align: justify;\"><strong>Curr\u00edculos<\/strong><\/p>\n<p style=\"text-align: justify;\">La persona usuaria que aporte su curr\u00edculum vitae a trav\u00e9s de este sitio web, formularios, correo electr\u00f3nico o mecanismos similares, otorga su consentimiento expreso para la inclusi\u00f3n de sus datos en el tratamiento de datos denominado \u201cAdministraci\u00f3n\u201d. Sus datos podr\u00e1n ser utilizados con la finalidad de hacerle participar en futuros procesos de selecci\u00f3n de personal de la empresa. Asimismo, sus datos podr\u00e1n ser cedidos a empresas externas a las que el Responsable del Tratamiento contrate para la realizaci\u00f3n de procesos de selecci\u00f3n de personal.<\/p>\n<p style=\"text-align: justify;\"><strong>Medidas de seguridad<\/strong><\/p>\n<p style=\"text-align: justify;\">Hydraulic JM, S.L. tratar\u00e1 los datos personales contenidos en sus tratamientos de datos adoptando las medidas de \u00edndole t\u00e9cnica y organizativa que sean necesarias para garantizar su seguridad y evitar su alteraci\u00f3n, p\u00e9rdida, tratamiento o acceso no autorizado, habida cuenta del estado de la tecnolog\u00eda, la naturaleza de los datos almacenados y los riesgos a que est\u00e1n expuestos, ya provengan de la acci\u00f3n humana o del medio f\u00edsico o natural, de acuerdo con la legislaci\u00f3n vigente que resulte de aplicaci\u00f3n en materia de medidas de seguridad de los tratamientos de datos personales. Sin embargo, los usuarios son informados de que las medidas de seguridad inform\u00e1tica no son inexpugnables y no se est\u00e1 a salvo de posibles intromisiones ilegales e indebidas, que no ser\u00edan responsabilidad de Hydraulic JM, S.L.<\/p>\n<p style=\"text-align: justify;\"><strong>Datos de Tr\u00e1fico<\/strong><\/p>\n<p style=\"text-align: justify;\">Con la finalidad de ofrecer un mejor servicio a trav\u00e9s de este sitio web, se puede registrar la direcci\u00f3n IP y otras caracter\u00edsticas del dispositivo de la persona usuaria, permiti\u00e9ndose as\u00ed el posterior procesamiento de los datos con el fin de analizar entre otros el n\u00famero de p\u00e1ginas visitadas, el n\u00famero de visitas, as\u00ed como la actividad de los visitantes\/usuarios del sitio web, su procedencia geogr\u00e1fica aproximada y su frecuencia de utilizaci\u00f3n.<\/p>\n<p style=\"text-align: justify;\">La persona usuaria da su consentimiento previo e informado al registro de la IP de su dispositivo durante la conexi\u00f3n y navegaci\u00f3n en el sitio web, sin que sea necesario solicitarlo cada vez que acceda a este sitio web.<\/p>\n<p style=\"text-align: justify;\"><strong>Enlace a redes sociales y canales web<\/strong><\/p>\n<p style=\"text-align: justify;\">Este sitio web puede ofrecer enlaces a redes sociales y sitios y canales web externos, como Facebook, Instagram o Twitter, entre otros. Hydraulic JM, S.L. no asume ninguna responsabilidad en relaci\u00f3n con estos sitios enlazados. El usuario que acceda a redes sociales y sitios y canales web externos, relacionados con Hydraulic JM, S.L., desde los enlaces ubicados en este sitio web o de cualquier otra forma, queda previa y expresamente informado de que las condiciones de uso, pol\u00edticas de privacidad, pol\u00edticas de cookies y cualesquiera condiciones y\/o normativas dependen de las entidades responsables de dichas redes sociales y sitios y canales web, y nunca de Hydraulic JM, S.L.<\/p>\n<p style=\"text-align: justify;\"><strong>Presencia de Hydraulic JM, S.L. en redes sociales<\/strong><\/p>\n<p style=\"text-align: justify;\">Hydraulic JM, S.L. cuenta con perfiles en redes sociales, con la finalidad principal de difundir productos, servicios y actividades relacionadas con la empresa o con sus \u00e1reas de actividad. Las publicaciones ofrecidas a trav\u00e9s de estos canales ser\u00e1n de car\u00e1cter orientativo.<\/p>\n<p style=\"text-align: justify;\">Al registrarse en los perfiles de Hydraulic JM, S.L. con su perfil en la red social, la persona usuaria otorga su consentimiento expreso a Hydraulic JM, S.L. para el tratamiento de sus datos personales conforme a esta Pol\u00edtica de Privacidad.<\/p>\n<p style=\"text-align: justify;\">La informaci\u00f3n y datos personales proporcionados voluntariamente por la persona usuaria a trav\u00e9s de redes sociales de Hydraulic JM, S.L. puede ser tratada con la finalidad de contactar con la persona usuaria y atender las consultas y solicitudes que formule, enviar comunicaciones informativas y comerciales relacionadas con la empresa o con sus \u00e1reas de actividad, gestionar concursos, sorteos, invitaciones y actividades similares, conocer la opini\u00f3n o valoraci\u00f3n de la persona usuaria sobre Hydraulic JM, S.L. y sus publicaciones, y gestionar, en general, la presencia de Hydraulic JM, S.L. en las redes sociales.<\/p>\n<p style=\"text-align: justify;\">Se informa a las personas usuarias que las informaciones y contenidos (datos, textos, v\u00eddeos, sonido, fotograf\u00edas, gr\u00e1ficos, comentarios, mensajes u otro material) que publiquen a trav\u00e9s de las redes sociales de Hydraulic JM, S.L. (incluido, en su caso, datos personales) pueden quedar a disposici\u00f3n p\u00fablica de otras personas usuarias de las redes sociales. La persona usuaria que incluya datos personales de terceros tiene la obligaci\u00f3n de recabar su consentimiento para su tratamiento. Desde la configuraci\u00f3n del perfil de usuario de cada red social, la persona usuaria puede configurar qu\u00e9 informaci\u00f3n quiere hacer p\u00fablica en cada caso, ver los permisos que ha concedido, eliminarlos o desactivarlos, y gestionar sus publicaciones seg\u00fan su criterio y las normas de utilizaci\u00f3n de cada red social.<\/p>\n<p style=\"text-align: justify;\">La persona usuaria ser\u00e1 la \u00fanica responsable de que sus publicaciones respeten la legislaci\u00f3n vigente, las normas de uso y pol\u00edticas de privacidad establecidas por la red social correspondiente y las de Hydraulic JM, S.L., que no asume ninguna responsabilidad en relaci\u00f3n con las publicaciones que cada persona usuaria realice. Hydraulic JM, S.L. eliminar\u00e1 de forma unilateral y sin previo aviso aquellos contenidos que considere que infringen la legislaci\u00f3n vigente, las normas de uso y pol\u00edticas de privacidad establecidas, o que considere inadecuados.<\/p>\n<p style=\"text-align: justify;\">Hydraulic JM, S.L. puede seguir a otros perfiles en Facebook, Twitter, y en otras redes sociales, sin que este hecho implique vinculaci\u00f3n de ning\u00fan tipo con ellos.<\/p>\n<p style=\"text-align: justify;\">Hydraulic JM, S.L. se reserva el derecho a no responder a los mensajes o comentarios recibidos a trav\u00e9s de esta v\u00eda. Hydraulic JM, S.L. podr\u00e1 modificar o eliminar en cualquier momento y sin aviso previo las publicaciones emitidas en sus redes sociales.<\/p>\n<p style=\"text-align: justify;\">Al hacerte seguidor o hacer click en \u201cMe gusta\u201d en estas p\u00e1ginas, consientes: 1) el tratamiento de tus datos personales en el entorno de la red social correspondiente, conforme a sus pol\u00edticas de privacidad; 2) el acceso de Hydraulic JM, S.L. a los datos contenidos en la lista de contactos; y 3) a que las noticias y promociones publicadas aparezcan en tus avisos y notificaciones.<\/p>\n<p style=\"text-align: justify;\"><strong>Derechos de los interesados<\/strong><\/p>\n<p style=\"text-align: justify;\">Puede ejercer los derechos de acceso, rectificaci\u00f3n, supresi\u00f3n, limitaci\u00f3n al tratamiento, portabilidad y oposici\u00f3n, as\u00ed como retirar su consentimiento o realizar cualquier otra solicitud sobre esta materia dirigi\u00e9ndose por escrito al Responsable del Tratamiento, Hydraulic JM, S.L., en C\/ Jose Abelino Barriola n\u00ba 1, Bajo A, Donostia San Sebasti\u00e1n (Gipuzkoa), tef. +34 650 664 590, o bien a trav\u00e9s de la direcci\u00f3n de correo electr\u00f3nico egurreholds@gmail.com.<\/p>\n<p style=\"text-align: justify;\">La solicitud deber\u00e1 llevar adjunta copia de documento de acreditativo de la identidad del solicitante (DNI o similares). En caso de realizar la solicitud en su condici\u00f3n de representante legal, deber\u00e1 adjuntar, adem\u00e1s de la copia de documento de acreditativo de la identidad del solicitante, un documento acreditativo de tal representaci\u00f3n. La autoridad de control a la que usted puede dirigirse en caso de no estar de acuerdo con la resoluci\u00f3n de las solicitudes o para presentar una reclamaci\u00f3n es la Agencia Espa\u00f1ola de Protecci\u00f3n de Datos: www.aepd.es.<\/p>\n<p style=\"text-align: justify;\"><strong>Vigencia<\/strong><\/p>\n<p style=\"text-align: justify;\">Hydraulic JM, S.L. se reserva el derecho de modificar su pol\u00edtica de privacidad de acuerdo a su criterio, a cambios legislativos o jurisprudenciales. Si el Responsable del Tratamiento introdujera alguna modificaci\u00f3n, el nuevo texto ser\u00e1 publicado en este mismo sitio web, donde el usuario podr\u00e1 tener conocimiento de la misma. En cualquier caso, la relaci\u00f3n con los usuarios se regir\u00e1 por las normas previstas en el momento preciso en que se accede al sitio web. Es por ello que el Responsable del Tratamiento le recomienda visitar esta pol\u00edtica de privacidad cada vez que se conecte al sitio web.<\/p>\n<p style=\"text-align: justify;\"><strong>Jurisdicci\u00f3n<\/strong><\/p>\n<p style=\"text-align: justify;\">Las relaciones establecidas entre Hydraulic JM, S.L. y el usuario se regir\u00e1n por lo dispuesto en la normativa vigente acerca de la legislaci\u00f3n aplicable y la jurisdicci\u00f3n competente. No obstante, para los casos en los que la normativa prevea la posibilidad a las partes de someterse a un fuero, Hydraulic JM, S.L. y el usuario, con renuncia expresa a cualquier otro fuero que pudiera corresponderles, se someten a los Juzgados y Tribunales de Donostia San Sebasti\u00e1n (Gipuzkoa).<\/p>\n<p style=\"text-align: justify;\">Hydraulic JM, S.L. perseguir\u00e1 el incumplimiento de esta Pol\u00edtica de Privacidad, as\u00ed como cualquier utilizaci\u00f3n indebida de los contenidos presentados en este sitio web ejerciendo todas las acciones civiles y penales que le puedan corresponder en Derecho, incluyendo las de naturaleza econ\u00f3mica.<\/p>\n<p style=\"text-align: justify;\"><em>\u00daltima actualizaci\u00f3n de la Pol\u00edtica de Privacidad: 05\/07\/2021<\/em><\/p>\n<\/div><\/div><\/div><\/div><\/div>","protected":false},"excerpt":{"rendered":"","protected":false},"author":1,"featured_media":0,"parent":0,"menu_order":0,"comment_status":"closed","ping_status":"open","template":"","meta":{"footnotes":""},"class_list":["post-319","page","type-page","status-publish","hentry"],"_links":{"self":[{"href":"https:\/\/www.egurrewall.com\/eu\/wp-json\/wp\/v2\/pages\/319","targetHints":{"allow":["GET"]}}],"collection":[{"href":"https:\/\/www.egurrewall.com\/eu\/wp-json\/wp\/v2\/pages"}],"about":[{"href":"https:\/\/www.egurrewall.com\/eu\/wp-json\/wp\/v2\/types\/page"}],"author":[{"embeddable":true,"href":"https:\/\/www.egurrewall.com\/eu\/wp-json\/wp\/v2\/users\/1"}],"replies":[{"embeddable":true,"href":"https:\/\/www.egurrewall.com\/eu\/wp-json\/wp\/v2\/comments?post=319"}],"version-history":[{"count":3,"href":"https:\/\/www.egurrewall.com\/eu\/wp-json\/wp\/v2\/pages\/319\/revisions"}],"predecessor-version":[{"id":837,"href":"https:\/\/www.egurrewall.com\/eu\/wp-json\/wp\/v2\/pages\/319\/revisions\/837"}],"wp:attachment":[{"href":"https:\/\/www.egurrewall.com\/eu\/wp-json\/wp\/v2\/media?parent=319"}],"curies":[{"name":"wp","href":"https:\/\/api.w.org\/{rel}","templated":true}]}}